
{"id":47,"date":"2022-02-16T09:01:10","date_gmt":"2022-02-16T08:01:10","guid":{"rendered":"https:\/\/przedszkole87.edu.wroclaw.pl\/?page_id=47"},"modified":"2025-11-21T17:41:48","modified_gmt":"2025-11-21T16:41:48","slug":"strona-glowna","status":"publish","type":"page","link":"https:\/\/przedszkole87.edu.wroclaw.pl\/","title":{"rendered":"Strona g\u0142\u00f3wna"},"content":{"rendered":"<div class=\"wpb-content-wrapper\"><p>[vc_row css_animation=&#8221;zoomIn&#8221; css=&#8221;.vc_custom_1645008813795{margin-left: 5px !important;}&#8221;][vc_column css_animation=&#8221;none&#8221; width=&#8221;1\/5&#8243;][vc_icon icon_fontawesome=&#8221;fa fa-solid fa-school&#8221; color=&#8221;white&#8221; background_style=&#8221;boxed&#8221; background_color=&#8221;custom&#8221; size=&#8221;xl&#8221; align=&#8221;center&#8221; css=&#8221;&#8221; custom_background_color=&#8221;#662D91&#8243; link=&#8221;url:https%3A%2F%2Fprzedszkole87.edu.wroclaw.pl%2Findex.php%2Fo-nas%2F|title:O%20przedszkolu&#8221;][vc_column_text css=&#8221;.vc_custom_1763462575204{margin-top: -40px !important;}&#8221;]<\/p>\n<h2 style=\"text-align: center\"><span style=\"font-size: 20px;color: #662d91\">O przedszkolu<\/span><\/h2>\n<p>[\/vc_column_text][\/vc_column][vc_column css_animation=&#8221;none&#8221; width=&#8221;1\/5&#8243;][vc_icon icon_fontawesome=&#8221;fa fa-regular fa-images&#8221; color=&#8221;white&#8221; background_style=&#8221;boxed&#8221; background_color=&#8221;custom&#8221; size=&#8221;xl&#8221; align=&#8221;center&#8221; css=&#8221;&#8221; custom_background_color=&#8221;#9F1F63&#8243; link=&#8221;url:https%3A%2F%2Fprzedszkole87.edu.wroclaw.pl%2Findex.php%2Fgaleria%2F|title:Galeria&#8221;][vc_column_text css=&#8221;.vc_custom_1763462658881{margin-top: -40px !important;}&#8221;]<\/p>\n<h2 style=\"text-align: center\"><span style=\"font-size: 20px;color: #9f1f63\">Galeria<\/span><\/h2>\n<p>[\/vc_column_text][\/vc_column][vc_column css_animation=&#8221;none&#8221; width=&#8221;1\/5&#8243;][vc_icon icon_fontawesome=&#8221;fa fa-regular fa-handshake&#8221; color=&#8221;white&#8221; background_style=&#8221;boxed&#8221; background_color=&#8221;custom&#8221; size=&#8221;xl&#8221; align=&#8221;center&#8221; css=&#8221;&#8221; custom_background_color=&#8221;#258023&#8243; link=&#8221;url:https%3A%2F%2Fprzedszkole87.edu.wroclaw.pl%2Findex.php%2Fosiagniecia-i-certyfikaty%2F|title:Osi%C4%85gni%C4%99cia%20i%20certyfikaty&#8221;][vc_column_text css=&#8221;.vc_custom_1763462756821{margin-top: -40px !important;}&#8221;]<\/p>\n<h2 style=\"text-align: center\"><span style=\"font-size: 20px;color: #258023\">Osi\u0105gni\u0119cia i certyfikaty<\/span><\/h2>\n<p>[\/vc_column_text][\/vc_column][vc_column css_animation=&#8221;none&#8221; width=&#8221;1\/5&#8243;][vc_icon icon_fontawesome=&#8221;fa fa-solid fa-print&#8221; color=&#8221;white&#8221; background_style=&#8221;boxed&#8221; background_color=&#8221;custom&#8221; size=&#8221;xl&#8221; align=&#8221;center&#8221; css=&#8221;&#8221; custom_background_color=&#8221;#da2525&#8243; link=&#8221;url:https%3A%2F%2Fprzedszkole87.edu.wroclaw.pl%2Findex.php%2Fdruki-do-pobrania%2F|title:Druki%20do%20pobrania&#8221;][vc_column_text css=&#8221;.vc_custom_1763743294568{margin-top: -40px !important;}&#8221;]<\/p>\n<h2 style=\"text-align: center\"><span style=\"font-size: 20px;color: #258023\"><span style=\"color: #da2525\">Druki do pobrania<\/span><\/span><\/h2>\n<p>[\/vc_column_text][\/vc_column][vc_column css_animation=&#8221;none&#8221; width=&#8221;1\/5&#8243;][vc_icon icon_fontawesome=&#8221;fa fa-solid fa-user-graduate&#8221; color=&#8221;white&#8221; background_style=&#8221;boxed&#8221; background_color=&#8221;custom&#8221; size=&#8221;xl&#8221; align=&#8221;center&#8221; css=&#8221;&#8221; custom_background_color=&#8221;#415999&#8243; link=&#8221;url:https%3A%2F%2Fprzedszkole87.edu.wroclaw.pl%2Findex.php%2Frekrutacja%2F|title:Rekrutacja&#8221;][vc_column_text css=&#8221;.vc_custom_1763461909707{margin-top: -40px !important;}&#8221;]<\/p>\n<h2 style=\"text-align: center\"><span style=\"font-size: 20px;color: #415999\">Rekrutacja<\/span><\/h2>\n<p>[\/vc_column_text][\/vc_column][\/vc_row][vc_row][vc_column][vc_wp_text]<\/p>\n<h2 style=\"text-align: center\"><span style=\"font-size: 36px;color: #333300\">Aktualno\u015bci<\/span><\/h2>\n<p>[\/vc_wp_text][vc_separator color=&#8221;custom&#8221; border_width=&#8221;4&#8243; el_width=&#8221;30&#8243; css=&#8221;.vc_custom_1744803558235{margin-top: -45px !important;}&#8221; accent_color=&#8221;#415999&#8243;][vc_basic_grid post_type=&#8221;post&#8221; max_items=&#8221;-1&#8243; style=&#8221;pagination&#8221; items_per_page=&#8221;6&#8243; element_width=&#8221;2&#8243; paging_design=&#8221;pagination_default_dark&#8221; paging_color=&#8221;mulled_wine&#8221; item=&#8221;1739&#8243; css=&#8221;&#8221; grid_id=&#8221;vc_gid:1763743156602-b89cbcc3-0376-5&#8243;][\/vc_column][\/vc_row][vc_row disable_element=&#8221;yes&#8221;][vc_column][vc_wp_text]<\/p>\n<h1 style=\"text-align: center\"><span style=\"font-size: 42pt;color: #415999\">O Przedszkolu<\/span><\/h1>\n<p>[\/vc_wp_text][vc_separator color=&#8221;custom&#8221; border_width=&#8221;4&#8243; el_width=&#8221;30&#8243; css=&#8221;.vc_custom_1651828667091{margin-top: -30px !important;}&#8221; accent_color=&#8221;#415999&#8243;][vc_wp_text]<strong class=\"fontSize20\"><span class=\"fontSize36\">D<\/span><\/strong>zia\u0142amy \u00a0od 1963 roku &#8211; jeste\u015bmy przedszkolem publicznym, 4-oddzia\u0142owym, kt\u00f3re wspomaga i ukierunkowuje rozw\u00f3j dziecka, maj\u0105c na wzgl\u0119dzie jego wrodzony potencja\u0142 i mo\u017cliwo\u015bci rozwojowe, oraz\u00a0 zapewnia mu poczucie bezpiecze\u0144stwa.[\/vc_wp_text][\/vc_column][\/vc_row][vc_row disable_element=&#8221;yes&#8221;][vc_column][vc_wp_text]<\/p>\n<h1 style=\"text-align: center\"><span style=\"font-size: 42pt;color: #415999\">Zaplecze<\/span><\/h1>\n<p>[\/vc_wp_text][vc_separator color=&#8221;custom&#8221; border_width=&#8221;4&#8243; el_width=&#8221;20&#8243; css=&#8221;.vc_custom_1651828678166{margin-top: -30px !important;}&#8221; accent_color=&#8221;#415999&#8243;][vc_wp_text]<\/p>\n<p class=\"fontSize14\">Przedszkole mie\u015bci si\u0119 w wolnostoj\u0105cym\u00a0 budynku. Do dyspozycji mamy nast\u0119puj\u0105ce pomieszczenia:<\/p>\n<ul>\n<li class=\"fontSize14\">na parterze &#8211; hol, szatnia, pomieszczenia administracyjne i sanitarne, 2 sale zaj\u0119\u0107 z \u0142azienkami i zapleczami, zmywalnie,<\/li>\n<li class=\"fontSize14\">na pi\u0119trze &#8211; 3 sale zaj\u0119\u0107 , 2 \u0142azienki, hol, kuchnia i inne pomieszczenia gospodarcze.<\/li>\n<\/ul>\n<p class=\"fontSize14\">Du\u017cym atutem przedszkola jest du\u017cy ogr\u00f3d z urozmaicon\u0105 ro\u015blinno\u015bci\u0105, wyposa\u017cony w wiele urz\u0105dze\u0144 terenowych dostosowanych dla dzieci najm\u0142odszych i starszych przedszkolak\u00f3w.<\/p>\n<p>[\/vc_wp_text][\/vc_column][\/vc_row]<\/p>\n<\/div>","protected":false},"excerpt":{"rendered":"<p>[vc_row css_animation=&#8221;zoomIn&#8221; css=&#8221;.vc_custom_1645008813795{margin-left: 5px !important;}&#8221;][vc_column css_animation=&#8221;none&#8221; width=&#8221;1\/5&#8243;][vc_icon icon_fontawesome=&#8221;fa fa-solid fa-school&#8221; color=&#8221;white&#8221; background_style=&#8221;boxed&#8221; background_color=&#8221;custom&#8221; size=&#8221;xl&#8221; align=&#8221;center&#8221; css=&#8221;&#8221; custom_background_color=&#8221;#662D91&#8243; link=&#8221;url:https%3A%2F%2Fprzedszkole87.edu.wroclaw.pl%2Findex.php%2Fo-nas%2F|title:O%20przedszkolu&#8221;][vc_column_text css=&#8221;.vc_custom_1763462575204{margin-top: -40px !important;}&#8221;] O przedszkolu [\/vc_column_text][\/vc_column][vc_column css_animation=&#8221;none&#8221; width=&#8221;1\/5&#8243;][vc_icon icon_fontawesome=&#8221;fa fa-regular fa-images&#8221; color=&#8221;white&#8221; [&hellip;]<\/p>\n","protected":false},"author":7,"featured_media":0,"parent":0,"menu_order":0,"comment_status":"closed","ping_status":"closed","template":"","meta":{"ngg_post_thumbnail":0,"footnotes":""},"class_list":["post-47","page","type-page","status-publish","hentry","clearfix"],"_links":{"self":[{"href":"https:\/\/przedszkole87.edu.wroclaw.pl\/index.php\/wp-json\/wp\/v2\/pages\/47","targetHints":{"allow":["GET"]}}],"collection":[{"href":"https:\/\/przedszkole87.edu.wroclaw.pl\/index.php\/wp-json\/wp\/v2\/pages"}],"about":[{"href":"https:\/\/przedszkole87.edu.wroclaw.pl\/index.php\/wp-json\/wp\/v2\/types\/page"}],"author":[{"embeddable":true,"href":"https:\/\/przedszkole87.edu.wroclaw.pl\/index.php\/wp-json\/wp\/v2\/users\/7"}],"replies":[{"embeddable":true,"href":"https:\/\/przedszkole87.edu.wroclaw.pl\/index.php\/wp-json\/wp\/v2\/comments?post=47"}],"version-history":[{"count":40,"href":"https:\/\/przedszkole87.edu.wroclaw.pl\/index.php\/wp-json\/wp\/v2\/pages\/47\/revisions"}],"predecessor-version":[{"id":2978,"href":"https:\/\/przedszkole87.edu.wroclaw.pl\/index.php\/wp-json\/wp\/v2\/pages\/47\/revisions\/2978"}],"wp:attachment":[{"href":"https:\/\/przedszkole87.edu.wroclaw.pl\/index.php\/wp-json\/wp\/v2\/media?parent=47"}],"curies":[{"name":"wp","href":"https:\/\/api.w.org\/{rel}","templated":true}]}}