
{"id":45,"date":"2022-02-16T08:51:39","date_gmt":"2022-02-16T07:51:39","guid":{"rendered":"https:\/\/przedszkole87.edu.wroclaw.pl\/?page_id=45"},"modified":"2025-02-25T18:24:03","modified_gmt":"2025-02-25T17:24:03","slug":"rodo","status":"publish","type":"page","link":"https:\/\/przedszkole87.edu.wroclaw.pl\/index.php\/rodo\/","title":{"rendered":"RODO"},"content":{"rendered":"<p><span style=\"font-size: 20px\"><em>Funkcj\u0119 Inspektora Ochrony Danych Osobowych w Przedszkolu nr 87 &#8222;Wroc\u0142awskie Dzieciaki&#8221; pe\u0142ni:<\/em><\/span><\/p>\n<p><span style=\"font-size: 20px\"><strong>Marek Adamaszek<\/strong> &#8211;\u00a0<a href=\"mailto:maadamaszek@zontekiwspolnicy.pl\">maadamaszek@zontekiwspolnicy.pl<\/a>\u00a0 lub Zonetk i Wsp\u00f3lnicy S.K. UL. F.P\u0142askowickiej 46\/129; 02-778 Warszawa.\u00a0<\/span><\/p>\n<h3 class=\"files-header\">Pliki do pobrania:<\/h3>\n<ul class=\"list-unstyled\">\n<li><a href=\"https:\/\/przedszkole87.edu.wroclaw.pl\/wp-content\/uploads\/sites\/73\/2022\/07\/Przetwarzanie-danych-osobowych.docx\">Przetwarzanie danych osobowych<\/a><\/li>\n<li><a href=\"https:\/\/przedszkole87.edu.wroclaw.pl\/wp-content\/uploads\/sites\/73\/2025\/02\/klazuzula-ZFSS.docx\">klazuzula ZF\u015a\u015a<\/a><\/li>\n<li><a href=\"https:\/\/przedszkole87.edu.wroclaw.pl\/wp-content\/uploads\/sites\/73\/2025\/02\/Klauzula-informacyjna-dla-wolontariat.docx\">Klauzula-informacyjna-dla-wolontariat<\/a><\/li>\n<li><a href=\"https:\/\/przedszkole87.edu.wroclaw.pl\/wp-content\/uploads\/sites\/73\/2025\/02\/Klauzula-informacyjna-dla-uczniow-i-rodzicow.-docx.docx\">Klauzula-informacyjna-dla-uczni\u00f3w i rodzic\u00f3w. docx<\/a><\/li>\n<li><a href=\"https:\/\/przedszkole87.edu.wroclaw.pl\/wp-content\/uploads\/sites\/73\/2025\/02\/klauzula-na-www-.docx\">klauzula na www<\/a><\/li>\n<li><a href=\"https:\/\/przedszkole87.edu.wroclaw.pl\/wp-content\/uploads\/sites\/73\/2025\/02\/Klauzula-informacyjna-proces-rekrutacji-prac.docx\">Klauzula informacyjna proces-rekrutacji prac<\/a><\/li>\n<li><a href=\"https:\/\/przedszkole87.edu.wroclaw.pl\/wp-content\/uploads\/sites\/73\/2025\/02\/Klauzula-informacyjna-dla-uczestnikow-Pracowniczych-Planow-Kapitalowych.docx\">Klauzula informacyjna dla uczestnik\u00f3w Pracowniczych Plan\u00f3w Kapita\u0142owych<\/a><\/li>\n<li><a href=\"https:\/\/przedszkole87.edu.wroclaw.pl\/wp-content\/uploads\/sites\/73\/2025\/02\/Klauzula-informacyjna-dla-pracownika-samorzadowego.docx\">Klauzula informacyjna dla pracownika samorz\u0105dowego<\/a><\/li>\n<li><a href=\"https:\/\/przedszkole87.edu.wroclaw.pl\/wp-content\/uploads\/sites\/73\/2025\/02\/Klauzula-informacyjna-dla-nauczyciela.docx\">Klauzula informacyjna dla nauczyciela<\/a><\/li>\n<li><a href=\"https:\/\/przedszkole87.edu.wroclaw.pl\/wp-content\/uploads\/sites\/73\/2025\/02\/KLAUZULA-INFORMACYJNA-DLA-KONTRAHENTA.docx\">KLAUZULA INFORMACYJNA DLA KONTRAHENTA<\/a><\/li>\n<\/ul>\n","protected":false},"excerpt":{"rendered":"<p>Funkcj\u0119 Inspektora Ochrony Danych Osobowych w Przedszkolu nr 87 &#8222;Wroc\u0142awskie Dzieciaki&#8221; pe\u0142ni: Marek Adamaszek &#8211;\u00a0maadamaszek@zontekiwspolnicy.pl\u00a0 lub Zonetk i Wsp\u00f3lnicy S.K. UL. F.P\u0142askowickiej 46\/129; 02-778 Warszawa.\u00a0 Pliki do pobrania: Przetwarzanie danych [&hellip;]<\/p>\n","protected":false},"author":7,"featured_media":0,"parent":0,"menu_order":0,"comment_status":"closed","ping_status":"closed","template":"","meta":{"ngg_post_thumbnail":0,"footnotes":""},"class_list":["post-45","page","type-page","status-publish","hentry","clearfix"],"_links":{"self":[{"href":"https:\/\/przedszkole87.edu.wroclaw.pl\/index.php\/wp-json\/wp\/v2\/pages\/45","targetHints":{"allow":["GET"]}}],"collection":[{"href":"https:\/\/przedszkole87.edu.wroclaw.pl\/index.php\/wp-json\/wp\/v2\/pages"}],"about":[{"href":"https:\/\/przedszkole87.edu.wroclaw.pl\/index.php\/wp-json\/wp\/v2\/types\/page"}],"author":[{"embeddable":true,"href":"https:\/\/przedszkole87.edu.wroclaw.pl\/index.php\/wp-json\/wp\/v2\/users\/7"}],"replies":[{"embeddable":true,"href":"https:\/\/przedszkole87.edu.wroclaw.pl\/index.php\/wp-json\/wp\/v2\/comments?post=45"}],"version-history":[{"count":6,"href":"https:\/\/przedszkole87.edu.wroclaw.pl\/index.php\/wp-json\/wp\/v2\/pages\/45\/revisions"}],"predecessor-version":[{"id":2250,"href":"https:\/\/przedszkole87.edu.wroclaw.pl\/index.php\/wp-json\/wp\/v2\/pages\/45\/revisions\/2250"}],"wp:attachment":[{"href":"https:\/\/przedszkole87.edu.wroclaw.pl\/index.php\/wp-json\/wp\/v2\/media?parent=45"}],"curies":[{"name":"wp","href":"https:\/\/api.w.org\/{rel}","templated":true}]}}