
{"id":43,"date":"2022-02-15T11:31:01","date_gmt":"2022-02-15T10:31:01","guid":{"rendered":"https:\/\/przedszkole87.edu.wroclaw.pl\/?page_id=43"},"modified":"2026-01-29T15:47:57","modified_gmt":"2026-01-29T14:47:57","slug":"rekrutacja","status":"publish","type":"page","link":"https:\/\/przedszkole87.edu.wroclaw.pl\/index.php\/rekrutacja\/","title":{"rendered":"Rekrutacja"},"content":{"rendered":"<div class=\"wpb-content-wrapper\"><p>[vc_row][vc_column][vc_column_text css=&#8221;&#8221;]<\/p>\n<p align=\"justify\"><span style=\"font-family: Verdana, serif\"><span style=\"font-size: small\"><b>Rekrutacja prowadzona jest w systemie elektronicznym poprzez stron\u0119 <span style=\"color: #333399\">rekrutacje.edu.wroclaw.pl<\/span><\/b><\/span><\/span><\/p>\n<p align=\"justify\"><span style=\"font-family: Verdana, serif\"><span style=\"font-size: small\"><b>W dniach <span style=\"color: #333399\">20-25 marca 2026<\/span> elektroniczny system rekrutacji dost\u0119pny jest 24 godziny na dob\u0119. W dniu rozpocz\u0119cia rekrutacji tj. 20 marca od godz. 12.00, a w dniu zako\u0144czenia tj. 25 marca do godz. 15.00. <\/b><\/span><\/span><\/p>\n<p align=\"justify\"><span style=\"font-family: Verdana, serif\"><span style=\"font-size: small\"><b>W przypadku braku mo\u017cliwo\u015bci skorzystania z systemu elektronicznego istnieje mo\u017cliwo\u015b\u0107 z\u0142o\u017cenia wniosku wraz z za\u0142\u0105cznikami bezpo\u015brednio w plac\u00f3wce.<\/b><\/span><\/span><\/p>\n<p align=\"justify\"><span style=\"font-family: Verdana, serif\"><span style=\"font-size: small\"><b>Post\u0119powanie rekrutacyjne przeprowadza komisja rekrutacyjna powo\u0142ana przez dyrektora w plac\u00f3wce.<\/b><\/span><\/span><\/p>\n<p style=\"text-align: center\" align=\"justify\"><span style=\"font-family: Verdana, serif;color: #333399\"><span style=\"font-size: small\"><b>Rekrutacja dla dzieci zamieszkuj\u0105cych we Wroc\u0142awiu, urodzonych w latach 2020 &#8211; 2023:<\/b><\/span><\/span><\/p>\n<p style=\"text-align: center\" align=\"justify\"><span style=\"font-family: Verdana, serif\"><span style=\"font-size: small\"><b>2023 r. \u2013 3 latki<\/b><\/span><\/span><\/p>\n<p style=\"text-align: center\" align=\"justify\"><span style=\"font-family: Verdana, serif\"><span style=\"font-size: small\"><b>2022 r. \u2013 4 latki<\/b><\/span><\/span><\/p>\n<p style=\"text-align: center\" align=\"justify\"><span style=\"font-family: Verdana, serif\"><span style=\"font-size: small\"><b>2021 r. \u2013 5 latki<\/b><\/span><\/span><\/p>\n<p style=\"text-align: center\" align=\"justify\"><span style=\"font-family: Verdana, serif\"><span style=\"font-size: small\"><b>2020r. \u2013 6 latki<\/b><\/span><\/span><\/p>\n<p align=\"justify\"><span style=\"font-family: Verdana, serif\"><span style=\"font-size: small\"><b>W rekrutacji mog\u0105 te\u017c wzi\u0105\u0107 udzia\u0142 dzieci ze starszych rocznik\u00f3w posiadaj\u0105ce decyzj\u0119 o odroczeniu spe\u0142niania obowi\u0105zku szkolnego.<\/b><\/span><\/span><\/p>\n<p align=\"justify\"><b>Miejscem zamieszkania dziecka<\/b> jest miejsce zamieszkania jego rodzic\u00f3w albo tego z rodzic\u00f3w, kt\u00f3remu wy\u0142\u0105cznie przys\u0142uguje w\u0142adza rodzicielska lub kt\u00f3remu zosta\u0142o powierzone wykonywanie w\u0142adzy rodzicielskiej.<\/p>\n<p align=\"justify\">Je\u017celi w\u0142adza rodzicielska przys\u0142uguje na r\u00f3wni obojgu rodzicom maj\u0105cym osobne miejsce zamieszkania, miejsce zamieszkania dziecka jest u tego z rodzic\u00f3w, u kt\u00f3rego dziecko stale przebywa. Je\u017celi dziecko nie przebywa stale u \u017cadnego z rodzic\u00f3w, jego miejsce zamieszkania okre\u015bla s\u0105d opieku\u0144czy (art. 26 \u00a7 1 i 2 ustawy z dnia 23 kwietnia 1964 r. Kodeks cywilny \u2013 Dz. U. 2025, poz. 1071 ze zm.).<\/p>\n<p align=\"justify\">Na potrzeby rekrutacji przyjmuje si\u0119, \u017ce <b>zamieszkanie<\/b> <b>to<\/b><b>:<\/b><\/p>\n<p align=\"justify\"><span style=\"font-family: Verdana, serif\"><span style=\"font-size: small\">a) zamieszkanie potwierdzone zameldowaniem sta\u0142ym, <\/span><\/span><\/p>\n<p align=\"justify\">b) zamieszkanie potwierdzone zameldowaniem czasowym (obejmuj\u0105cym dzie\u0144<\/p>\n<p align=\"justify\">01.09.2026r.),<\/p>\n<p align=\"justify\"><span style=\"font-family: Verdana, serif\"><span style=\"font-size: small\">c) zamieszkanie potwierdzone innym dokumentem.<\/span><\/span><\/p>\n<p align=\"center\"><span style=\"font-family: Verdana, serif;color: #ff0000\"><b>Harmonogram rekrutacji dla rodzic\u00f3w<\/b><\/span><\/p>\n<p style=\"text-align: center\" align=\"justify\"><span style=\"font-family: Verdana, serif;color: #003366\"><span style=\"font-size: small\"><b>11 marca 2026 od godz. 12.00<\/b><\/span><\/span><\/p>\n<p style=\"text-align: center\" align=\"justify\"><span style=\"font-family: Verdana, serif\"><span style=\"font-size: small\"><b>Zapoznaj si\u0119<\/b><\/span><\/span><span style=\"font-family: Verdana, serif\"><span style=\"font-size: small\"> z ofert\u0105 przedszkoli <\/span><\/span><\/p>\n<p style=\"text-align: center\" align=\"justify\"><span style=\"font-family: Verdana, serif;color: #333399\"><span style=\"font-size: small\"><b>20 marca 2026 od godz. 12.00 do 25 marca 2026 do godz. 15.00<\/b><\/span><\/span><\/p>\n<p style=\"text-align: center\" align=\"justify\"><span style=\"font-family: Verdana, serif\"><span style=\"font-size: small\"><b>Wype\u0142nij <\/b><\/span><\/span><span style=\"font-family: Verdana, serif\"><span style=\"font-size: small\">wniosek w systemie<\/span><\/span><\/p>\n<p style=\"text-align: center\"><span style=\"font-family: Verdana, serif;color: #333399\"><span style=\"font-size: small\"><b>21 kwietnia 2026 <\/b><\/span><\/span><\/p>\n<p style=\"text-align: center\"><span style=\"font-family: Verdana, serif\"><span style=\"font-size: small\"><b>Sprawd\u017a<\/b><\/span><\/span><span style=\"font-family: Verdana, serif\"><span style=\"font-size: small\"> wyniki dzieci zakwalifikowanych i niezakwalifikowanych<\/span><\/span><\/p>\n<p style=\"text-align: center\"><span style=\"font-family: Verdana, serif;color: #333399\"><span style=\"font-size: small\"><b>21 do 22 kwietnia 2026<\/b><\/span><\/span><\/p>\n<p style=\"text-align: center\"><span style=\"font-family: Verdana, serif\"><span style=\"font-size: small\"><b>Z\u0142\u00f3\u017c <\/b><\/span><\/span><span style=\"font-family: Verdana, serif\"><span style=\"font-size: small\">ewentualn\u0105<\/span><\/span><b> <\/b><span style=\"font-family: Verdana, serif\"><span style=\"font-size: small\">rezygnacj\u0119 z<\/span><\/span><b> <\/b><span style=\"font-family: Verdana, serif\"><span style=\"font-size: small\">miejsca w systemie<\/span><\/span><\/p>\n<p style=\"text-align: center\"><strong><span style=\"font-family: Verdana, serif;color: #333399\"><span style=\"font-size: small\">24 kwietnia 2026 od godz. 14.00<\/span><\/span><\/strong><\/p>\n<p style=\"text-align: center\"><span style=\"font-family: Verdana, serif\"><span style=\"font-size: small\"><b>Sprawd\u017a <\/b><\/span><\/span><span style=\"font-family: Verdana, serif\"><span style=\"font-size: small\">list\u0119 kandydat\u00f3w przyj\u0119tych i nieprzyj\u0119tych<\/span><\/span><\/p>\n<p align=\"center\"><span style=\"font-family: Verdana, serif;color: #ff0000\"><b>Harmonogram rekrutacji dla rodzic\u00f3w \u2013 post\u0119powanie uzupe\u0142niaj\u0105ce<\/b><\/span><\/p>\n<p style=\"text-align: center\" align=\"justify\"><span style=\"font-family: Verdana, serif;color: #333399\"><span style=\"font-size: small\"><b>20 maja 2026 od godz. 12.00 do 22 maja 2026 do godz. 15.00<\/b><\/span><\/span><\/p>\n<p style=\"text-align: center\" align=\"justify\"><span style=\"font-family: Verdana, serif\"><span style=\"font-size: small\"><b>Wype\u0142nij <\/b><\/span><\/span><span style=\"font-family: Verdana, serif\"><span style=\"font-size: small\">wniosek w systemie<\/span><\/span><\/p>\n<p style=\"text-align: center\"><span style=\"font-family: Verdana, serif;color: #333399\"><span style=\"font-size: small\"><b>5 czerwca 2026<\/b><\/span><\/span><\/p>\n<p style=\"text-align: center\"><span style=\"font-family: Verdana, serif\"><span style=\"font-size: small\"><b>Sprawd\u017a<\/b><\/span><\/span><span style=\"font-family: Verdana, serif\"><span style=\"font-size: small\"> wyniki dzieci zakwalifikowanych i niezakwalifikowanych<\/span><\/span><\/p>\n<p style=\"text-align: center\"><span style=\"font-family: Verdana, serif;color: #333399\"><span style=\"font-size: small\"><b>5 czerwca do 8 czerwca 2026<\/b><\/span><\/span><\/p>\n<p style=\"text-align: center\"><span style=\"font-family: Verdana, serif\"><span style=\"font-size: small\"><b>Z\u0142\u00f3\u017c <\/b><\/span><\/span><span style=\"font-family: Verdana, serif\"><span style=\"font-size: small\">ewentualn\u0105<\/span><\/span><b> <\/b><span style=\"font-family: Verdana, serif\"><span style=\"font-size: small\">rezygnacj\u0119 z<\/span><\/span><b> <\/b><span style=\"font-family: Verdana, serif\"><span style=\"font-size: small\">miejsca w systemie<\/span><\/span><\/p>\n<p style=\"text-align: center\"><span style=\"font-family: Verdana, serif;color: #333399\"><span style=\"font-size: small\"><b>10 czerwca 2026 od godz. 14.00<\/b><\/span><\/span><\/p>\n<p style=\"text-align: center\"><span style=\"font-family: Verdana, serif\"><span style=\"font-size: small\"><b>Sprawd\u017a <\/b><\/span><\/span><span style=\"font-family: Verdana, serif\"><span style=\"font-size: small\">list\u0119 kandydat\u00f3w przyj\u0119tych i nieprzyj\u0119tych<\/span><\/span><\/p>\n<p>&nbsp;<\/p>\n<p><strong>Dokumenty do pobrania:<\/strong><\/p>\n<p align=\"justify\"><a href=\"https:\/\/przedszkole87.edu.wroclaw.pl\/wp-content\/uploads\/sites\/73\/2026\/01\/KRYTERIA-.docx\">KRYTERIA<\/a><\/p>\n<p align=\"justify\"><a href=\"https:\/\/przedszkole87.edu.wroclaw.pl\/wp-content\/uploads\/sites\/73\/2026\/01\/P-ZARZADZENIE-WS-TERMINOW-REKRUTACJI.pdf\">P- ZARZADZENIE WS TERMINOW REKRUTACJI<\/a><\/p>\n<p align=\"justify\"><a href=\"https:\/\/przedszkole87.edu.wroclaw.pl\/wp-content\/uploads\/sites\/73\/2026\/01\/SAMOTNE-WYCHOWANIE.docx\">SAMOTNE WYCHOWANIE<\/a><br \/>\n<a href=\"https:\/\/przedszkole87.edu.wroclaw.pl\/wp-content\/uploads\/sites\/73\/2026\/01\/DOCHOD.docx\">DOCHOD<\/a><\/p>\n<p align=\"justify\"><a href=\"https:\/\/przedszkole87.edu.wroclaw.pl\/wp-content\/uploads\/sites\/73\/2026\/01\/BIULETYN-INFORMACYJNY.pdf\">BIULETYN INFORMACYJNY<\/a><\/p>\n<p align=\"justify\"><a href=\"https:\/\/przedszkole87.edu.wroclaw.pl\/wp-content\/uploads\/sites\/73\/2026\/01\/DZIECI-O-SPECJALNYCH-POTRZEBACH.docx\">DZIECI O SPECJALNYCH POTRZEBACH<\/a><\/p>\n<p>[\/vc_column_text][\/vc_column][\/vc_row]<\/p>\n<\/div>","protected":false},"excerpt":{"rendered":"<p>[vc_row][vc_column][vc_column_text css=&#8221;&#8221;] Rekrutacja prowadzona jest w systemie elektronicznym poprzez stron\u0119 rekrutacje.edu.wroclaw.pl W dniach 20-25 marca 2026 elektroniczny system rekrutacji dost\u0119pny jest 24 godziny na dob\u0119. W dniu rozpocz\u0119cia rekrutacji tj. [&hellip;]<\/p>\n","protected":false},"author":7,"featured_media":0,"parent":0,"menu_order":0,"comment_status":"closed","ping_status":"closed","template":"","meta":{"ngg_post_thumbnail":0,"footnotes":""},"class_list":["post-43","page","type-page","status-publish","hentry","clearfix"],"_links":{"self":[{"href":"https:\/\/przedszkole87.edu.wroclaw.pl\/index.php\/wp-json\/wp\/v2\/pages\/43","targetHints":{"allow":["GET"]}}],"collection":[{"href":"https:\/\/przedszkole87.edu.wroclaw.pl\/index.php\/wp-json\/wp\/v2\/pages"}],"about":[{"href":"https:\/\/przedszkole87.edu.wroclaw.pl\/index.php\/wp-json\/wp\/v2\/types\/page"}],"author":[{"embeddable":true,"href":"https:\/\/przedszkole87.edu.wroclaw.pl\/index.php\/wp-json\/wp\/v2\/users\/7"}],"replies":[{"embeddable":true,"href":"https:\/\/przedszkole87.edu.wroclaw.pl\/index.php\/wp-json\/wp\/v2\/comments?post=43"}],"version-history":[{"count":48,"href":"https:\/\/przedszkole87.edu.wroclaw.pl\/index.php\/wp-json\/wp\/v2\/pages\/43\/revisions"}],"predecessor-version":[{"id":3311,"href":"https:\/\/przedszkole87.edu.wroclaw.pl\/index.php\/wp-json\/wp\/v2\/pages\/43\/revisions\/3311"}],"wp:attachment":[{"href":"https:\/\/przedszkole87.edu.wroclaw.pl\/index.php\/wp-json\/wp\/v2\/media?parent=43"}],"curies":[{"name":"wp","href":"https:\/\/api.w.org\/{rel}","templated":true}]}}