
{"id":37,"date":"2022-02-11T09:16:30","date_gmt":"2022-02-11T08:16:30","guid":{"rendered":"https:\/\/przedszkole87.edu.wroclaw.pl\/?page_id=37"},"modified":"2026-01-22T16:32:07","modified_gmt":"2026-01-22T15:32:07","slug":"kontakt","status":"publish","type":"page","link":"https:\/\/przedszkole87.edu.wroclaw.pl\/index.php\/kontakt\/","title":{"rendered":"Kontakt"},"content":{"rendered":"<div class=\"wpb-content-wrapper\"><p>[vc_row][vc_column][vc_raw_html]JTNDaWZyYW1lJTIwc3JjJTNEJTIyaHR0cHMlM0ElMkYlMkZ3d3cuZ29vZ2xlLmNvbSUyRm1hcHMlMkZlbWJlZCUzRnBiJTNEJTIxMW0xOCUyMTFtMTIlMjExbTMlMjExZDIwNDYuNTcxMTY5NjU3NzE3NyUyMTJkMTcuMDE4NTU1NDI3NjY3NTIlMjEzZDUxLjEwNjM4MTI2MTQ5MDc3NSUyMTJtMyUyMTFmMCUyMTJmMCUyMTNmMCUyMTNtMiUyMTFpMTAyNCUyMTJpNzY4JTIxNGYxMy4xJTIxM20zJTIxMW0yJTIxMXMweDQ3MGZjMjBjNDkxZGFkZDclMjUzQTB4YTdkNDFlYzI5NjRmNGQ2YiUyMTJzUHJ6ZWRzemtvbGUlMjUyMG5yJTI1MjA4NyUyMTVlMCUyMTNtMiUyMTFzcGwlMjEyc3BsJTIxNHYxNjQ1MDg3MjMwMDg3JTIxNW0yJTIxMXNwbCUyMTJzcGwlMjIlMjB3aWR0aCUzRCUyMjEwMCUyNSUyMiUyMGhlaWdodCUzRCUyMjI1MCUyMiUyMHN0eWxlJTNEJTIyYm9yZGVyJTNBMCUzQiUyMiUyMGFsbG93ZnVsbHNjcmVlbiUzRCUyMiUyMiUyMGxvYWRpbmclM0QlMjJsYXp5JTIyJTNFJTNDJTJGaWZyYW1lJTNF[\/vc_raw_html][\/vc_column][\/vc_row][vc_row][vc_column width=&#8221;1\/12&#8243;][\/vc_column][vc_column width=&#8221;1\/3&#8243;][vc_empty_space height=&#8221;180px&#8221;][vc_column_text][\/vc_column_text][vc_empty_space height=&#8221;50px&#8221;][\/vc_column][vc_column width=&#8221;1\/2&#8243;][vc_column_text css=&#8221;&#8221;]<\/p>\n<h1 style=\"text-align: center\"><span style=\"font-size: 42pt;color: #415999\">Przedszkole nr 87 &#8222;Wroc\u0142awskie Dzieciaki&#8221;<\/span><\/h1>\n<p>[\/vc_column_text][vc_separator color=&#8221;custom&#8221; border_width=&#8221;4&#8243; el_width=&#8221;70&#8243; css=&#8221;.vc_custom_1645087089404{margin-top: -30px !important;}&#8221; accent_color=&#8221;#415999&#8243;][vc_column_text css=&#8221;&#8221;]ul. Paw\u0142owa 6a<br \/>\n53-604 Wroc\u0142aw<\/p>\n<p>tel.: (71) 798 68 17<br \/>\nwew. 101 &#8211; kancelaria<br \/>\nwew. 113 &#8211; intendent<br \/>\nwew. 114 &#8211; referent<\/p>\n<p>sekretariat.p087@wroclawskaedukacja.pl<\/p>\n<p>NIP: 8971616452<\/p>\n<p><strong>Elektroniczna Skrzynka Podawcza:<\/strong><br \/>\nAdres do e-dor\u0119cze\u0144: AE:PL-34895-77702-HDSSD-11<\/p>\n<p><span style=\"font-size: 16px\"><em>Funkcj\u0119 Inspektora Ochrony Danych Osobowych w Przedszkolu nr 87 &#8222;Wroc\u0142awskie Dzieciaki&#8221; pe\u0142ni:<\/em><\/span><\/p>\n<p><span style=\"font-size: 20px\"><span style=\"font-size: 16px\"><strong>Marek Adamaszek<\/strong> &#8211;\u00a0<a href=\"mailto:maadamaszek@zontekiwspolnicy.pl\">maadamaszek@zontekiwspolnicy.pl<\/a>\u00a0 lub Zonetk i Wsp\u00f3lnicy S.K. UL. F.P\u0142askowickiej 46\/129; 02-778 Warszawa.<\/span>\u00a0<\/span>[\/vc_column_text][\/vc_column][\/vc_row]<\/p>\n<\/div>","protected":false},"excerpt":{"rendered":"<p>[vc_row][vc_column][vc_raw_html]JTNDaWZyYW1lJTIwc3JjJTNEJTIyaHR0cHMlM0ElMkYlMkZ3d3cuZ29vZ2xlLmNvbSUyRm1hcHMlMkZlbWJlZCUzRnBiJTNEJTIxMW0xOCUyMTFtMTIlMjExbTMlMjExZDIwNDYuNTcxMTY5NjU3NzE3NyUyMTJkMTcuMDE4NTU1NDI3NjY3NTIlMjEzZDUxLjEwNjM4MTI2MTQ5MDc3NSUyMTJtMyUyMTFmMCUyMTJmMCUyMTNmMCUyMTNtMiUyMTFpMTAyNCUyMTJpNzY4JTIxNGYxMy4xJTIxM20zJTIxMW0yJTIxMXMweDQ3MGZjMjBjNDkxZGFkZDclMjUzQTB4YTdkNDFlYzI5NjRmNGQ2YiUyMTJzUHJ6ZWRzemtvbGUlMjUyMG5yJTI1MjA4NyUyMTVlMCUyMTNtMiUyMTFzcGwlMjEyc3BsJTIxNHYxNjQ1MDg3MjMwMDg3JTIxNW0yJTIxMXNwbCUyMTJzcGwlMjIlMjB3aWR0aCUzRCUyMjEwMCUyNSUyMiUyMGhlaWdodCUzRCUyMjI1MCUyMiUyMHN0eWxlJTNEJTIyYm9yZGVyJTNBMCUzQiUyMiUyMGFsbG93ZnVsbHNjcmVlbiUzRCUyMiUyMiUyMGxvYWRpbmclM0QlMjJsYXp5JTIyJTNFJTNDJTJGaWZyYW1lJTNF[\/vc_raw_html][\/vc_column][\/vc_row][vc_row][vc_column width=&#8221;1\/12&#8243;][\/vc_column][vc_column width=&#8221;1\/3&#8243;][vc_empty_space height=&#8221;180px&#8221;][vc_column_text][\/vc_column_text][vc_empty_space height=&#8221;50px&#8221;][\/vc_column][vc_column width=&#8221;1\/2&#8243;][vc_column_text css=&#8221;&#8221;] Przedszkole nr 87 &#8222;Wroc\u0142awskie Dzieciaki&#8221; [\/vc_column_text][vc_separator color=&#8221;custom&#8221; border_width=&#8221;4&#8243; el_width=&#8221;70&#8243; css=&#8221;.vc_custom_1645087089404{margin-top: -30px !important;}&#8221; accent_color=&#8221;#415999&#8243;][vc_column_text css=&#8221;&#8221;]ul. Paw\u0142owa 6a 53-604 Wroc\u0142aw tel.: (71) 798 68 17 [&hellip;]<\/p>\n","protected":false},"author":7,"featured_media":0,"parent":0,"menu_order":0,"comment_status":"closed","ping_status":"closed","template":"","meta":{"ngg_post_thumbnail":0,"footnotes":""},"class_list":["post-37","page","type-page","status-publish","hentry","clearfix"],"_links":{"self":[{"href":"https:\/\/przedszkole87.edu.wroclaw.pl\/index.php\/wp-json\/wp\/v2\/pages\/37","targetHints":{"allow":["GET"]}}],"collection":[{"href":"https:\/\/przedszkole87.edu.wroclaw.pl\/index.php\/wp-json\/wp\/v2\/pages"}],"about":[{"href":"https:\/\/przedszkole87.edu.wroclaw.pl\/index.php\/wp-json\/wp\/v2\/types\/page"}],"author":[{"embeddable":true,"href":"https:\/\/przedszkole87.edu.wroclaw.pl\/index.php\/wp-json\/wp\/v2\/users\/7"}],"replies":[{"embeddable":true,"href":"https:\/\/przedszkole87.edu.wroclaw.pl\/index.php\/wp-json\/wp\/v2\/comments?post=37"}],"version-history":[{"count":14,"href":"https:\/\/przedszkole87.edu.wroclaw.pl\/index.php\/wp-json\/wp\/v2\/pages\/37\/revisions"}],"predecessor-version":[{"id":3277,"href":"https:\/\/przedszkole87.edu.wroclaw.pl\/index.php\/wp-json\/wp\/v2\/pages\/37\/revisions\/3277"}],"wp:attachment":[{"href":"https:\/\/przedszkole87.edu.wroclaw.pl\/index.php\/wp-json\/wp\/v2\/media?parent=37"}],"curies":[{"name":"wp","href":"https:\/\/api.w.org\/{rel}","templated":true}]}}