
{"id":332,"date":"2022-02-23T09:09:54","date_gmt":"2022-02-23T08:09:54","guid":{"rendered":"https:\/\/przedszkole87.edu.wroclaw.pl\/?page_id=332"},"modified":"2022-02-23T09:09:54","modified_gmt":"2022-02-23T08:09:54","slug":"ewidencja-czasu-pobytu-dziecka-w-przedszkolu","status":"publish","type":"page","link":"https:\/\/przedszkole87.edu.wroclaw.pl\/index.php\/ewidencja-czasu-pobytu-dziecka-w-przedszkolu\/","title":{"rendered":"Ewidencja czasu pobytu dziecka w przedszkolu"},"content":{"rendered":"<p><strong>ZASADY KORZYSTANIA Z ELEKTRONICZNEJ EWIDENCJI CZASU POBYTU DZIECKA W&nbsp;PRZEDSZKOLU NR 87 IM. WROC\u0141AWSKIE DZIECIAKI WE WROC\u0141AWIU<\/strong><\/p>\n<p align=\"center\"><strong>\u00a7 1<\/strong><\/p>\n<p align=\"center\">KARTA DO ELEKTRONICZNEJ EWIDENCJI POBYTU<\/p>\n<p align=\"center\">DZIECKA W PRZEDSZKOLU<\/p>\n<ol start=\"1\">\n<li>Dla ka\u017cdego dziecka przeznaczona jest karta oznaczona indywidualnym numerem.&nbsp;<\/li>\n<\/ol>\n<ol start=\"2\">\n<li>Karta nie jest imienna posiada numer identyfikacyjny.&nbsp;<\/li>\n<\/ol>\n<ol start=\"3\">\n<li>Karta jest w\u0142asno\u015bci\u0105 Przedszkola nr 87 im. Wroc\u0142awskie Dzieciaki we Wroc\u0142awiu. Nie nale\u017cy umieszcza\u0107 na niej \u017cadnych napis\u00f3w, znak\u00f3w, rysunk\u00f3w, naklejek itp.&nbsp;<\/li>\n<li>Rodzic zobowi\u0105zany jest do zwrotu karty na koniec edukacji w Przedszkolu.<\/li>\n<\/ol>\n<ol start=\"5\">\n<li>Rodzic\/opiekun otrzymuje bezp\u0142atnie jeden egzemplarz karty. Zobowi\u0105zuje si\u0119 do rejestrowania za jej pomoc\u0105 czasu pobytu dziecka w przedszkolu w momencie wej\u015bcia i wyj\u015bcia z budynku przedszkola.&nbsp;<\/li>\n<li>Fakt utraty karty&nbsp;<strong>musi zosta\u0107 niezw\u0142ocznie zg\u0142oszony<\/strong>&nbsp;do dyrektora Przedszkola nr 87 im. Wroc\u0142awskie dzieciaki we Wroc\u0142awiu oraz do wychowawc\u00f3w grup.<\/li>\n<li>W przypadku utraty lub zniszczenia karty b\u0119d\u0105cej w\u0142asno\u015bci\u0105 Przedszkola nr 87 im. Wroc\u0142awskie&nbsp; Dzieciaki we Wroc\u0142awiu, rodzic\/opiekun mo\u017ce zosta\u0107 obci\u0105\u017cony kwot\u0105 rekompensuj\u0105c\u0105 koszt zakupu nowej karty.<\/li>\n<\/ol>\n<ol start=\"1\">\n<li>Karty mog\u0105 zosta\u0107 wydane zakodowane wy\u0142\u0105cznie dla os\u00f3b wskazanych w&nbsp;\u201eO\u015bwiadczeniu o&nbsp;odbiorze dziecka z przedszkola\u201d i nie mog\u0105 by\u0107 udost\u0119pniane osobom nieupowa\u017cnionym.&nbsp;<\/li>\n<li>Rodzic\/opiekun prawny ponosi pe\u0142n\u0105 odpowiedzialno\u015b\u0107 za u\u017cytkowanie kart.&nbsp;<\/li>\n<\/ol>\n<p align=\"center\"><strong>\u00a7 2<\/strong><\/p>\n<p align=\"center\">EWIDENCJA CZASU POBYTU DZIECKA W PRZEDSZKOLU<\/p>\n<ol start=\"1\">\n<li>Czytnik wej\u015bciowy i wyj\u015bciowy, do ewidencji pobytu dziecka w przedszkolu umieszczony jest &nbsp;&nbsp;&nbsp;na \u015bcianie korytarza pomi\u0119dzy&nbsp; drugimi drzwiami wej\u015bciowymi&nbsp;&nbsp;&nbsp;&nbsp;&nbsp; a szatni\u0105.<\/li>\n<li>Przy\u0142o\u017cenie karty do czytnika wej\u015bciowego powinno nast\u0105pi\u0107 niezw\u0142ocznie po wej\u015bciu rodzica\/opiekuna do przedszkola.&nbsp;<\/li>\n<\/ol>\n<ol start=\"4\">\n<li>Po odebraniu dziecka od wychowawcy, rodzic\/opiekun zaznacza godzin\u0119 odbioru dziecka przez zbli\u017cenie karty do czytnika wyj\u015bciowego, w momencie opuszczania plac\u00f3wki przedszkola.&nbsp;<\/li>\n<\/ol>\n<ol start=\"5\">\n<li>Zbli\u017cenie karty do czytnika powoduje zaznaczenie godziny wej\u015bcia lub wyj\u015bcia z&nbsp;przedszkola. &nbsp;<\/li>\n<\/ol>\n<ol start=\"6\">\n<li>W celu zarejestrowania godziny wej\u015bcia lub wyj\u015bcia dziecka, nale\u017cy zbli\u017cy\u0107 kart\u0119 do czytnika, nie d\u0142u\u017cej ni\u017c na dwie sekundy.&nbsp;<\/li>\n<\/ol>\n<ol start=\"7\">\n<li>Potwierdzenie odczytania godziny zostanie oznaczone pojedynczym sygna\u0142em d\u017awi\u0119kowym i zapaleniem kontrolki w kolorze zielonym.&nbsp;<\/li>\n<\/ol>\n<ol start=\"8\">\n<li>W przypadku niezarejestrowania godziny przyprowadzenia lub odebrania&nbsp;dziecka, odp\u0142atno\u015b\u0107 naliczana b\u0119dzie od godz. 7.00 do godz. 17:00.&nbsp;<\/li>\n<\/ol>\n<ol start=\"9\">\n<li>W razie braku lub utraty karty odp\u0142atno\u015b\u0107 naliczana b\u0119dzie od godz. 7.00 do godz. 17:00.&nbsp;<\/li>\n<li>W przypadku zauwa\u017cenia usterki czytnika, rodzic zobowi\u0105zany jest do natychmiastowego przekazania tej informacji intendentowi b\u0105d\u017a nauczycielowi w grupie, kt\u00f3ry odnotuje godzin\u0119 przyj\u015bcia lub wyj\u015bcia dziecka w formie papierowej, a&nbsp;po usuni\u0119ciu usterki dane te b\u0119d\u0105 wprowadzone do systemu.<\/li>\n<\/ol>\n<ol>\n<li>W pierwszym dniu pobytu dziecka w Przedszkolu w nowym roku szkolnym nauczyciel rejestruje czas pobytu dziecka w Przedszkolu na li\u015bcie papierowej i&nbsp;pracownik Przedszkola rejestruje ten czas w systemie.<\/li>\n<li>U\u017cytkowanie karty elektronicznej nast\u0119puje od&nbsp; dnia otrzymania karty.<\/li>\n<\/ol>\n<p align=\"center\"><strong>\u00a7 3<\/strong><\/p>\n<p align=\"center\">SPOS\u00d3B NALICZANIA ODP\u0141ATNO\u015aCI ZA POBYT<\/p>\n<p align=\"center\">I WY\u017bYWIENIE DZIECKA W PRZEDSZKOLU<\/p>\n<ol start=\"1\">\n<li>Miesi\u0119czna wysoko\u015b\u0107 op\u0142aty za pobyt dziecka w przedszkolu reguluje aktualna Uchwa\u0142a Rady Miejskiej Wroc\u0142awia w sprawie okre\u015blania czasu bezp\u0142atnych zaj\u0119\u0107 oraz ustalania wysoko\u015bci op\u0142at za \u015bwiadczenia udzielane w przedszkolach publicznych prowadzonych przez Gmin\u0119 Wroc\u0142aw w czasie przekraczaj\u0105cym czas bezp\u0142atnych zaj\u0119\u0107.&nbsp;<\/li>\n<\/ol>\n<ol start=\"2\">\n<li>P\u0142atno\u015bci naliczane s\u0105 z do\u0142u na podstawie odczyt\u00f3w z elektronicznej rejestracji pobytu dziecka w przedszkolu.&nbsp;<\/li>\n<li>Do rejestracji pobytu dziecka w Przedszkolu brane jest pod uwag\u0119 pierwsze zdarzenie wej\u015bcia i ostatnie zdarzenie wyj\u015bcia.<\/li>\n<\/ol>\n","protected":false},"excerpt":{"rendered":"<p>ZASADY KORZYSTANIA Z ELEKTRONICZNEJ EWIDENCJI CZASU POBYTU DZIECKA W&nbsp;PRZEDSZKOLU NR 87 IM. WROC\u0141AWSKIE DZIECIAKI WE WROC\u0141AWIU \u00a7 1 KARTA DO ELEKTRONICZNEJ EWIDENCJI POBYTU DZIECKA W PRZEDSZKOLU Dla ka\u017cdego dziecka przeznaczona [&hellip;]<\/p>\n","protected":false},"author":7,"featured_media":0,"parent":0,"menu_order":0,"comment_status":"closed","ping_status":"closed","template":"","meta":{"ngg_post_thumbnail":0,"footnotes":""},"class_list":["post-332","page","type-page","status-publish","hentry","clearfix"],"_links":{"self":[{"href":"https:\/\/przedszkole87.edu.wroclaw.pl\/index.php\/wp-json\/wp\/v2\/pages\/332","targetHints":{"allow":["GET"]}}],"collection":[{"href":"https:\/\/przedszkole87.edu.wroclaw.pl\/index.php\/wp-json\/wp\/v2\/pages"}],"about":[{"href":"https:\/\/przedszkole87.edu.wroclaw.pl\/index.php\/wp-json\/wp\/v2\/types\/page"}],"author":[{"embeddable":true,"href":"https:\/\/przedszkole87.edu.wroclaw.pl\/index.php\/wp-json\/wp\/v2\/users\/7"}],"replies":[{"embeddable":true,"href":"https:\/\/przedszkole87.edu.wroclaw.pl\/index.php\/wp-json\/wp\/v2\/comments?post=332"}],"version-history":[{"count":1,"href":"https:\/\/przedszkole87.edu.wroclaw.pl\/index.php\/wp-json\/wp\/v2\/pages\/332\/revisions"}],"predecessor-version":[{"id":333,"href":"https:\/\/przedszkole87.edu.wroclaw.pl\/index.php\/wp-json\/wp\/v2\/pages\/332\/revisions\/333"}],"wp:attachment":[{"href":"https:\/\/przedszkole87.edu.wroclaw.pl\/index.php\/wp-json\/wp\/v2\/media?parent=332"}],"curies":[{"name":"wp","href":"https:\/\/api.w.org\/{rel}","templated":true}]}}