
{"id":2926,"date":"2025-11-18T11:08:13","date_gmt":"2025-11-18T10:08:13","guid":{"rendered":"https:\/\/przedszkole87.edu.wroclaw.pl\/?page_id=2926"},"modified":"2026-02-09T17:20:53","modified_gmt":"2026-02-09T16:20:53","slug":"prawo-w-przedszkolu","status":"publish","type":"page","link":"https:\/\/przedszkole87.edu.wroclaw.pl\/index.php\/prawo-w-przedszkolu\/","title":{"rendered":"Prawo w przedszkolu"},"content":{"rendered":"<p><a href=\"https:\/\/przedszkole87.edu.wroclaw.pl\/wp-content\/uploads\/sites\/73\/2025\/11\/STANDARDY-OCHRONY-MALOLETNICH.pdf\">STANDARDY-OCHRONY-MALOLETNICH<\/a><\/p>\n<p><a href=\"https:\/\/przedszkole87.edu.wroclaw.pl\/wp-content\/uploads\/sites\/73\/2025\/11\/statut_przedszkola_2022-ZE-ZMIANAMI6-1.doc\">statut_przedszkola_2022-ZE-ZMIANAMI6 (1)<\/a><\/p>\n<p><a href=\"https:\/\/przedszkole87.edu.wroclaw.pl\/wp-content\/uploads\/sites\/73\/2025\/11\/PROCEDURA-POSTEPOWANIA-W-SPRAWIE-UZYWANIA-PRZEZ-DZIECI-OSOBISTYCH-TELEFONOW-KOMORKOWYCH-I-INNYCH-URZADZEN-ELEKTRONICZNYCH.pdf\">PROCEDURA-POSTEPOWANIA-W-SPRAWIE-UZYWANIA-PRZEZ-DZIECI-OSOBISTYCH-TELEFONOW-KOMORKOWYCH-I-INNYCH-URZADZEN-ELEKTRONICZNYCH<\/a><\/p>\n<p><a href=\"https:\/\/przedszkole87.edu.wroclaw.pl\/wp-content\/uploads\/sites\/73\/2026\/02\/Organizacja-zabaw-w-przedszkolu-i-ogrodzie.docx\">Organizacja zabaw w przedszkolu i ogrodzie<\/a><\/p>\n<p><a href=\"https:\/\/przedszkole87.edu.wroclaw.pl\/wp-content\/uploads\/sites\/73\/2026\/02\/Postepowanie-nauczyciela-w-sytuacjach-stwierdzenia-zagrozenia-zycia-dziecka.docx\">Post\u0119powanie nauczyciela w sytuacjach stwierdzenia zagro\u017cenia \u017cycia dziecka<\/a><\/p>\n<p><a href=\"https:\/\/przedszkole87.edu.wroclaw.pl\/wp-content\/uploads\/sites\/73\/2026\/02\/POSTEPOWANIE-NAUCZYCIELI-I-CALEGO-PERSONELU-nieszczesliwy-wypadek.docx\">POSTEPOWANIE-NAUCZYCIELI-I-CALEGO-PERSONELU-nieszcz\u0119\u015bliwy wypadek<\/a><\/p>\n<p><a href=\"https:\/\/przedszkole87.edu.wroclaw.pl\/wp-content\/uploads\/sites\/73\/2026\/02\/PROCEDURA-BEZPIECZENSTWA-PRZECIWPOZAROWEGO-w-Przedszkolu-nr-87.docx\">PROCEDURA BEZPIECZE\u0143STWA PRZECIWPO\u017bAROWEGO w Przedszkolu nr 87<\/a><\/p>\n<p><a href=\"https:\/\/przedszkole87.edu.wroclaw.pl\/wp-content\/uploads\/sites\/73\/2026\/02\/Procedura-zaniedbywanie-dziecka.docx\">Procedura &#8211; zaniedbywanie dziecka<\/a><\/p>\n<p><a href=\"https:\/\/przedszkole87.edu.wroclaw.pl\/wp-content\/uploads\/sites\/73\/2026\/02\/procedura-bezpiecznego-pobytu-dziecka-w-P87.docx\">procedura <\/a><a href=\"https:\/\/przedszkole87.edu.wroclaw.pl\/wp-content\/uploads\/sites\/73\/2026\/02\/procedura-bezpiecznego-pobytu-dziecka-w-P87.docx\">bezpiecznego pobytu dziecka w P87<\/a><\/p>\n<p><a href=\"https:\/\/przedszkole87.edu.wroclaw.pl\/wp-content\/uploads\/sites\/73\/2026\/02\/PROCEDURA-DOTYCZACA-BEZPIECZENSTWA-NA-PLACU-ZABAW.docx\">PROCEDURA DOTYCZ\u0104CA BEZPIECZE\u0143STWA NA PLACU ZABAW<\/a><\/p>\n<p><a href=\"https:\/\/przedszkole87.edu.wroclaw.pl\/wp-content\/uploads\/sites\/73\/2026\/02\/Procedura-kto-wchodzi.docx\">Procedura kto wchodzi<\/a><\/p>\n<p><a href=\"https:\/\/przedszkole87.edu.wroclaw.pl\/wp-content\/uploads\/sites\/73\/2026\/02\/Procedura-postepowania-w-przypadku-naglej-choroby-dziecka.pdf\">Procedura postepowania w przypadku naglej choroby dziecka<\/a><\/p>\n<p><a href=\"https:\/\/przedszkole87.edu.wroclaw.pl\/wp-content\/uploads\/sites\/73\/2026\/02\/PROCEDURA-POSTEPOWANIA-Z-DZIECKIEM-KRZYWDZONYM-PRZEDSZKOLE-nr-87.docx\">PROCEDURA POSTEPOWANIA Z DZIECKIEM KRZYWDZONYM PRZEDSZKOLE nr 87<\/a><\/p>\n<p><a href=\"https:\/\/przedszkole87.edu.wroclaw.pl\/wp-content\/uploads\/sites\/73\/2026\/02\/PROCEDURA-POSTEPOWANIA-W-PRZYPADKU-WYSTAPIENIA-OBJAWOW-CHOROBOWYCH.docx\">PROCEDURA POST\u0118POWANIA W PRZYPADKU WYST\u0104PIENIA OBJAW\u00d3W CHOROBOWYCH<\/a><\/p>\n<p><a href=\"https:\/\/przedszkole87.edu.wroclaw.pl\/wp-content\/uploads\/sites\/73\/2026\/02\/Procedura-postepowania-z-dzieckiem-sprawiajacym-trudnosci-wychowawcze.docx\">Procedura post\u0119powania z dzieckiem sprawiaj\u0105cym trudno\u015bci wychowawcze<\/a><\/p>\n<p><a href=\"https:\/\/przedszkole87.edu.wroclaw.pl\/wp-content\/uploads\/sites\/73\/2026\/02\/PROCEDURA-POSTEPOWANIA-Z-UCZNIEM-CHORYM-NA-PADACZKE.docx\">PROCEDURA POST\u0118POWANIA Z UCZNIEM CHORYM NA PADACZK\u0118<\/a><\/p>\n<p><a href=\"https:\/\/przedszkole87.edu.wroclaw.pl\/wp-content\/uploads\/sites\/73\/2026\/02\/Procedura-przyprowadzania-i-odbierania-dzieci.docx\">Procedura przyprowadzania i odbierania dzieci<\/a><\/p>\n<p><a href=\"https:\/\/przedszkole87.edu.wroclaw.pl\/wp-content\/uploads\/sites\/73\/2026\/02\/Procedura-choroby-pochodzenia-pasozytniczego-owsiki-glistnica-1.doc\">Procedura-choroby-pochodzenia-pasozytniczego-owsiki-glistnica (1)<\/a><\/p>\n<p><a href=\"https:\/\/przedszkole87.edu.wroclaw.pl\/wp-content\/uploads\/sites\/73\/2026\/02\/Procedura-postepowania-w-przypadku-naruszenia-godnosci-osobistej-dziecka.pdf\">Procedura-postepowania-w-przypadku-naruszenia-godnosci-osobistej-dziecka<\/a><\/p>\n<p><a href=\"https:\/\/przedszkole87.edu.wroclaw.pl\/wp-content\/uploads\/sites\/73\/2026\/02\/Procedury-postepowania-podczas-wystapienia-chorob-zakaznych.docx\">Procedury post\u0119powania podczas wyst\u0105pienia chor\u00f3b zaka\u017anych<\/a><\/p>\n<p><a href=\"https:\/\/przedszkole87.edu.wroclaw.pl\/wp-content\/uploads\/sites\/73\/2026\/02\/PROCEDURY_POSTEPOWANIA_z_dzieckem_przewlekle_chorym.docx\">PROCEDURY_POST\u0118POWANIA_z_dzieckem_przewlekle_chorym<\/a><\/p>\n<p><a href=\"https:\/\/przedszkole87.edu.wroclaw.pl\/wp-content\/uploads\/sites\/73\/2026\/02\/PRODEDURA-PRZYJMOWANI-I-ROZPATRYWANIA-SKARG-I-WNIOSKOW-W-PRZEDSZKOLU-nr-87.docx\">PRODEDURA PRZYJMOWANI I ROZPATRYWANIA SKARG I WNIOSK\u00d3W W PRZEDSZKOLU nr 87<\/a><\/p>\n<p><a href=\"https:\/\/przedszkole87.edu.wroclaw.pl\/wp-content\/uploads\/sites\/73\/2026\/02\/Regulamin-placu-zabaw-PPBD.doc\">Regulamin placu zabaw PPBD<\/a><\/p>\n<p><a href=\"https:\/\/przedszkole87.edu.wroclaw.pl\/wp-content\/uploads\/sites\/73\/2026\/02\/Reguly-postepowania-systemowego-wobec-dziecka-sprawiajacego-trudnosci-wychowawcze-i-przejawiajacego-agresje.docx\">Regu\u0142y post\u0119powania systemowego wobec dziecka sprawiaj\u0105cego trudno\u015bci wychowawcze i przejawiaj\u0105cego agresj\u0119<\/a><\/p>\n<p>&nbsp;<\/p>\n","protected":false},"excerpt":{"rendered":"<p>STANDARDY-OCHRONY-MALOLETNICH statut_przedszkola_2022-ZE-ZMIANAMI6 (1) PROCEDURA-POSTEPOWANIA-W-SPRAWIE-UZYWANIA-PRZEZ-DZIECI-OSOBISTYCH-TELEFONOW-KOMORKOWYCH-I-INNYCH-URZADZEN-ELEKTRONICZNYCH Organizacja zabaw w przedszkolu i ogrodzie Post\u0119powanie nauczyciela w sytuacjach stwierdzenia zagro\u017cenia \u017cycia dziecka POSTEPOWANIE-NAUCZYCIELI-I-CALEGO-PERSONELU-nieszcz\u0119\u015bliwy wypadek PROCEDURA BEZPIECZE\u0143STWA PRZECIWPO\u017bAROWEGO w Przedszkolu nr 87 Procedura &#8211; zaniedbywanie [&hellip;]<\/p>\n","protected":false},"author":7,"featured_media":0,"parent":0,"menu_order":0,"comment_status":"closed","ping_status":"closed","template":"","meta":{"ngg_post_thumbnail":0,"footnotes":""},"class_list":["post-2926","page","type-page","status-publish","hentry","clearfix"],"_links":{"self":[{"href":"https:\/\/przedszkole87.edu.wroclaw.pl\/index.php\/wp-json\/wp\/v2\/pages\/2926","targetHints":{"allow":["GET"]}}],"collection":[{"href":"https:\/\/przedszkole87.edu.wroclaw.pl\/index.php\/wp-json\/wp\/v2\/pages"}],"about":[{"href":"https:\/\/przedszkole87.edu.wroclaw.pl\/index.php\/wp-json\/wp\/v2\/types\/page"}],"author":[{"embeddable":true,"href":"https:\/\/przedszkole87.edu.wroclaw.pl\/index.php\/wp-json\/wp\/v2\/users\/7"}],"replies":[{"embeddable":true,"href":"https:\/\/przedszkole87.edu.wroclaw.pl\/index.php\/wp-json\/wp\/v2\/comments?post=2926"}],"version-history":[{"count":5,"href":"https:\/\/przedszkole87.edu.wroclaw.pl\/index.php\/wp-json\/wp\/v2\/pages\/2926\/revisions"}],"predecessor-version":[{"id":3373,"href":"https:\/\/przedszkole87.edu.wroclaw.pl\/index.php\/wp-json\/wp\/v2\/pages\/2926\/revisions\/3373"}],"wp:attachment":[{"href":"https:\/\/przedszkole87.edu.wroclaw.pl\/index.php\/wp-json\/wp\/v2\/media?parent=2926"}],"curies":[{"name":"wp","href":"https:\/\/api.w.org\/{rel}","templated":true}]}}